{"id":3570,"date":"2013-05-24T10:09:05","date_gmt":"2013-05-24T10:09:05","guid":{"rendered":"http:\/\/demo.qodeinteractive.com\/central\/?page_id=3570"},"modified":"2025-09-09T19:54:15","modified_gmt":"2025-09-09T17:54:15","slug":"standard-header","status":"publish","type":"page","link":"https:\/\/www.losloquitos.com\/v3\/standard-header\/","title":{"rendered":"Equipe Loquitos"},"content":{"rendered":"<h2 style=\"text-align: center;\">EQUIPE LOQUITOS<\/h2>\n<p>L&rsquo;\u00e9quipe Loquitos n&rsquo;est constitu\u00e9e que de membres b\u00e9n\u00e9voles.<\/p>\n<h3><strong>Les animateurs\/assistants qui animent les cours<span style=\"text-decoration: underline;\"><br \/>\n<\/span><\/strong><\/h3>\n<p style=\"padding-left: 30px;\"><strong>Anthony<br \/>\nB\u00e9n\u00e9dicte<br \/>\nC\u00e9cile<br \/>\n<\/strong><strong>Charles<br \/>\nCristina<br \/>\nEl\u00e9onore<br \/>\nElodie<br \/>\nGw\u00e9na\u00eblle<br \/>\n<\/strong><strong>Jean-Luc<br \/>\nKobi<br \/>\nLionel<br \/>\nLisa<br \/>\nMax<br \/>\nPauline<br \/>\n<\/strong><strong>Rizlane<\/strong><strong><br \/>\nRomane<br \/>\nValentin<br \/>\nAnne-Claire<br \/>\n(Plus tous les assistants et intervenants qui viendront vous aider pendant l&rsquo;ann\u00e9e)<\/strong><\/p>\n<p><strong>Les DJS qui mixent pendant les soir\u00e9es<\/strong><\/p>\n<p style=\"padding-left: 30px;\"><strong>Anthony<\/strong><br \/>\n<strong>B\u00e9n\u00e9<br \/>\n<\/strong><strong>Danielle<br \/>\nGwena\u00eblle<br \/>\n<\/strong><strong>Lamine<\/strong><br \/>\n<strong>Lionel<br \/>\nRomane<br \/>\n<\/strong><\/p>\n<h3><strong>Le photographe des \u00e9v\u00e9nements<\/strong><\/h3>\n<p style=\"padding-left: 30px;\"><strong>Jean-Luc<\/strong><\/p>\n<h3><strong>Les responsables de p\u00f4le qui g\u00e8rent un p\u00f4le bien sp\u00e9cifique de l&rsquo;association<\/strong><\/h3>\n<p style=\"padding-left: 30px;\">Responsable DJs :<strong> Anthony<\/strong><br \/>\nResponsables animateurs :<strong> Romane et Rizlane<\/strong><\/p>\n<h3><strong>Les membres du Conseil d&rsquo;Administration qui g\u00e8re l&rsquo;association<\/strong><\/h3>\n<p style=\"padding-left: 30px;\">Pr\u00e9sident :<strong> Romane<\/strong><br \/>\nTr\u00e9sorier :\u00a0<strong>Nathalie<\/strong><br \/>\nSecr\u00e9taire :<strong> C\u00e9cile<br \/>\n<\/strong><strong><br \/>\n<\/strong><\/p>\n<p style=\"padding-left: 30px;\">\n","protected":false},"excerpt":{"rendered":"","protected":false},"author":7,"featured_media":0,"parent":0,"menu_order":0,"comment_status":"open","ping_status":"open","template":"","meta":{"footnotes":""},"class_list":["post-3570","page","type-page","status-publish","hentry"],"_links":{"self":[{"href":"https:\/\/www.losloquitos.com\/v3\/wp-json\/wp\/v2\/pages\/3570","targetHints":{"allow":["GET"]}}],"collection":[{"href":"https:\/\/www.losloquitos.com\/v3\/wp-json\/wp\/v2\/pages"}],"about":[{"href":"https:\/\/www.losloquitos.com\/v3\/wp-json\/wp\/v2\/types\/page"}],"author":[{"embeddable":true,"href":"https:\/\/www.losloquitos.com\/v3\/wp-json\/wp\/v2\/users\/7"}],"replies":[{"embeddable":true,"href":"https:\/\/www.losloquitos.com\/v3\/wp-json\/wp\/v2\/comments?post=3570"}],"version-history":[{"count":31,"href":"https:\/\/www.losloquitos.com\/v3\/wp-json\/wp\/v2\/pages\/3570\/revisions"}],"predecessor-version":[{"id":8506,"href":"https:\/\/www.losloquitos.com\/v3\/wp-json\/wp\/v2\/pages\/3570\/revisions\/8506"}],"wp:attachment":[{"href":"https:\/\/www.losloquitos.com\/v3\/wp-json\/wp\/v2\/media?parent=3570"}],"curies":[{"name":"wp","href":"https:\/\/api.w.org\/{rel}","templated":true}]}}