{"id":3775,"date":"2013-09-01T16:20:17","date_gmt":"2013-09-01T15:20:17","guid":{"rendered":"http:\/\/www.losloquitos.com\/v3\/?page_id=3775"},"modified":"2017-09-20T17:57:11","modified_gmt":"2017-09-20T15:57:11","slug":"ateliers-choregraphiques","status":"publish","type":"page","link":"https:\/\/www.losloquitos.com\/v3\/ateliers-choregraphiques\/","title":{"rendered":"Ateliers Chor\u00e9graphiques adh\u00e9rents"},"content":{"rendered":"<h3>Ateliers Chor\u00e9graphiques<\/h3>\n<p>Les animateurs de chaque cours peuvent proposer de travailler une chor\u00e9graphie au cours de l&rsquo;ann\u00e9e. Les ateliers chor\u00e9graphiques pourront \u00eatre fix\u00e9s en\u00a0dehors des heures de cours, c&rsquo;est pourquoi la\u00a0participation \u00e0 ces ateliers n&rsquo;est pas obligatoire. Ils vous seront simplement propos\u00e9s.<\/p>\n<p>Libre choix aux animateurs et aux \u00e9l\u00e8ves de se lancer dans cette belle aventure !!!<\/p>\n<p><strong>Quelques exemples de chor\u00e9graphies adh\u00e9rents :\u00a0<\/strong><\/p>\n<h4><span style=\"text-decoration: underline;\">Niveau d\u00e9butant :<\/span><\/h4>\n<p><center><iframe loading=\"lazy\" width=\"840\" height=\"473\" src=\"https:\/\/www.youtube.com\/embed\/KQwdS6dkFpA?feature=oembed\" frameborder=\"0\" allowfullscreen><\/iframe><\/p>\n<p>&nbsp;<\/p>\n<p>&nbsp;<\/p>\n<p>&nbsp;<\/p>\n<p><\/center>\u00a0<strong><span style=\"text-decoration: underline;\">Niveau Interm\u00e9diaire :<\/span><\/strong><\/p>\n<p><iframe loading=\"lazy\" width=\"840\" height=\"473\" src=\"https:\/\/www.youtube.com\/embed\/Ooql-Z1nxeA?feature=oembed\" frameborder=\"0\" allowfullscreen><\/iframe><\/p>\n<p><strong><span style=\"text-decoration: underline;\">Niveau avanc\u00e9<\/span> :<\/strong><\/p>\n<p><center><\/center><center><\/center><iframe loading=\"lazy\" width=\"840\" height=\"473\" src=\"https:\/\/www.youtube.com\/embed\/0XNu_a1DIiY?feature=oembed\" frameborder=\"0\" allowfullscreen><\/iframe><\/p>\n<p><center><\/center>&nbsp;<\/p>\n<p>&nbsp;<\/p>\n<p>&nbsp;<\/p>\n","protected":false},"excerpt":{"rendered":"","protected":false},"author":5,"featured_media":0,"parent":0,"menu_order":0,"comment_status":"open","ping_status":"open","template":"","meta":{"footnotes":""},"class_list":["post-3775","page","type-page","status-publish","hentry"],"_links":{"self":[{"href":"https:\/\/www.losloquitos.com\/v3\/wp-json\/wp\/v2\/pages\/3775","targetHints":{"allow":["GET"]}}],"collection":[{"href":"https:\/\/www.losloquitos.com\/v3\/wp-json\/wp\/v2\/pages"}],"about":[{"href":"https:\/\/www.losloquitos.com\/v3\/wp-json\/wp\/v2\/types\/page"}],"author":[{"embeddable":true,"href":"https:\/\/www.losloquitos.com\/v3\/wp-json\/wp\/v2\/users\/5"}],"replies":[{"embeddable":true,"href":"https:\/\/www.losloquitos.com\/v3\/wp-json\/wp\/v2\/comments?post=3775"}],"version-history":[{"count":35,"href":"https:\/\/www.losloquitos.com\/v3\/wp-json\/wp\/v2\/pages\/3775\/revisions"}],"predecessor-version":[{"id":7025,"href":"https:\/\/www.losloquitos.com\/v3\/wp-json\/wp\/v2\/pages\/3775\/revisions\/7025"}],"wp:attachment":[{"href":"https:\/\/www.losloquitos.com\/v3\/wp-json\/wp\/v2\/media?parent=3775"}],"curies":[{"name":"wp","href":"https:\/\/api.w.org\/{rel}","templated":true}]}}