{"id":3796,"date":"2013-09-01T16:57:55","date_gmt":"2013-09-01T15:57:55","guid":{"rendered":"http:\/\/www.losloquitos.com\/v3\/?page_id=3796"},"modified":"2023-07-19T13:52:08","modified_gmt":"2023-07-19T11:52:08","slug":"le-loquitong","status":"publish","type":"page","link":"https:\/\/www.losloquitos.com\/v3\/le-loquitong\/","title":{"rendered":"Le Loquitong"},"content":{"rendered":"<p><iframe loading=\"lazy\" width=\"840\" height=\"473\" src=\"https:\/\/www.youtube.com\/embed\/iTQ34F85bEY?feature=oembed\" frameborder=\"0\" allow=\"accelerometer; autoplay; encrypted-media; gyroscope; picture-in-picture\" allowfullscreen><\/iframe><\/p>\n<p>L&rsquo;association vous propose de nous retrouver le temps d&rsquo;un week-end dans\u00a0un g\u00eete r\u00e9serv\u00e9 par l&rsquo;association. Un cadre magnifique, une ambiance de folie&#8230; Voil\u00e0 ce qu&rsquo;on vous propose !<\/p>\n<p>Durant ce petit week-end, qui a lieu en fin de saison, on laisse de c\u00f4t\u00e9 la salsa pour le plaisir simple d&rsquo;\u00eatre ensemble.\u00a0Un week-end sous le th\u00e8me du partage, de l&rsquo;amusement et de la d\u00e9tente bien m\u00e9rit\u00e9e apr\u00e8s une ann\u00e9e d&rsquo;efforts !!<\/p>\n<p>Adh\u00e9rents et famille d&rsquo;adh\u00e9rents pourront profiter de ce week-end !<\/p>\n<p>25 \u20ac\/adulte, 10 \u20ac\/enfant de 4 \u00e0 12 ans, gratuit moins de 4 ans + 1 plat sal\u00e9 et 1 plat sucr\u00e9<\/p>\n<p><iframe loading=\"lazy\" src=\"\/\/www.youtube.com\/embed\/onREQ8r6GRQ\" width=\"560\" height=\"315\" frameborder=\"0\" allowfullscreen=\"allowfullscreen\"><\/iframe><\/p>\n<p>&nbsp;<\/p>\n","protected":false},"excerpt":{"rendered":"","protected":false},"author":5,"featured_media":0,"parent":0,"menu_order":0,"comment_status":"open","ping_status":"open","template":"","meta":{"footnotes":""},"class_list":["post-3796","page","type-page","status-publish","hentry"],"_links":{"self":[{"href":"https:\/\/www.losloquitos.com\/v3\/wp-json\/wp\/v2\/pages\/3796","targetHints":{"allow":["GET"]}}],"collection":[{"href":"https:\/\/www.losloquitos.com\/v3\/wp-json\/wp\/v2\/pages"}],"about":[{"href":"https:\/\/www.losloquitos.com\/v3\/wp-json\/wp\/v2\/types\/page"}],"author":[{"embeddable":true,"href":"https:\/\/www.losloquitos.com\/v3\/wp-json\/wp\/v2\/users\/5"}],"replies":[{"embeddable":true,"href":"https:\/\/www.losloquitos.com\/v3\/wp-json\/wp\/v2\/comments?post=3796"}],"version-history":[{"count":31,"href":"https:\/\/www.losloquitos.com\/v3\/wp-json\/wp\/v2\/pages\/3796\/revisions"}],"predecessor-version":[{"id":8102,"href":"https:\/\/www.losloquitos.com\/v3\/wp-json\/wp\/v2\/pages\/3796\/revisions\/8102"}],"wp:attachment":[{"href":"https:\/\/www.losloquitos.com\/v3\/wp-json\/wp\/v2\/media?parent=3796"}],"curies":[{"name":"wp","href":"https:\/\/api.w.org\/{rel}","templated":true}]}}