{"id":3831,"date":"2013-09-01T17:39:10","date_gmt":"2013-09-01T16:39:10","guid":{"rendered":"http:\/\/www.losloquitos.com\/v3\/?page_id=3831"},"modified":"2024-08-01T19:15:54","modified_gmt":"2024-08-01T17:15:54","slug":"modalites-dinscription","status":"publish","type":"page","link":"https:\/\/www.losloquitos.com\/v3\/modalites-dinscription\/","title":{"rendered":"Modalit\u00e9s d&rsquo;Inscription"},"content":{"rendered":"<h3>LES INSCRIPTIONS<\/h3>\n<p>Los Loquitos proposent plusieurs cours de salsa et un cours de bachata, r\u00e9partis sur nos 2 structures partenaires<a title=\"Nous contacter\" href=\"http:\/\/www.losloquitos.com\/v3\/nous-contacter\/\"> la MJC Le Grand Cordel<\/a> et <a title=\"Nous contacter\" href=\"http:\/\/www.losloquitos.com\/v3\/nous-contacter\/\">la Maison de Quartier de Villejean<\/a>. Les inscriptions se font aupr\u00e8s de ces structures.\u00a0Si vous voulez participer \u00e0 des animations dans les 2 structures, vous devez \u00eatre inscrits dans les 2 lieux.<\/p>\n<h4>Comment s\u2019inscrire ?<\/h4>\n<p>Il vous suffit de vous rendre \u00e0 l\u2019accueil de la MJC Le Grand Cordel \u00e0 Rennes (Beaulieu) ou de la Maison de quartier de Villejean \u00e0 Rennes (selon le cours que vous suivez) pendant les horaires d\u2019ouverture des secr\u00e9tariats. Vous devrez ensuite remplir sur place un formulaire d&rsquo;inscription \u00e0 destination de la structure. Une fois ce formulaire d\u00fbment compl\u00e9t\u00e9, vous devrez r\u00e9gler votre inscription par ch\u00e8que (les ch\u00e8ques vacances sont aussi accept\u00e9s).<\/p>\n<p>Toute l&rsquo;\u00e9quipe de l&rsquo;association se tient par ailleurs \u00e0 votre disposition pour prendre en compte vos remarques ou questions. Nous nous ferons un plaisir d&rsquo;y r\u00e9pondre :). Vous pourrez \u00e9galement nous joindre \u00e0 l&rsquo;adresse mail suivante: <a href=\"mailto:mail@losloquitos.com\">contact@losloquitos.com<\/a>\u00a0.<\/p>\n<p><span style=\"text-decoration: underline;\">IMPORTANT<\/span><br \/>\nAfin de mieux g\u00e9rer l\u2019information et le suivi de nos adh\u00e9rents, nous vous demandons d\u2019indiquer une adresse mail lors de votre inscription.<\/p>\n<p>Les inscriptions possibles :<br \/>\n&#8211; Salsa (d\u00e9butant et interm\u00e9diaire),\u00a0bachata (d\u00e9butant et interm\u00e9diaire) du mercredi \u00e0 la Maison de Quartier de Villejean<br \/>\n&#8211; Salsa d\u00e9butant \u00e9volutif du vendredi \u00e0 la MJC\u00a0Le\u00a0Grand Cordel \u00e0 Beaulieu<\/p>\n<p>&nbsp;<\/p>\n","protected":false},"excerpt":{"rendered":"","protected":false},"author":5,"featured_media":0,"parent":0,"menu_order":0,"comment_status":"open","ping_status":"open","template":"","meta":{"footnotes":""},"class_list":["post-3831","page","type-page","status-publish","hentry"],"_links":{"self":[{"href":"https:\/\/www.losloquitos.com\/v3\/wp-json\/wp\/v2\/pages\/3831","targetHints":{"allow":["GET"]}}],"collection":[{"href":"https:\/\/www.losloquitos.com\/v3\/wp-json\/wp\/v2\/pages"}],"about":[{"href":"https:\/\/www.losloquitos.com\/v3\/wp-json\/wp\/v2\/types\/page"}],"author":[{"embeddable":true,"href":"https:\/\/www.losloquitos.com\/v3\/wp-json\/wp\/v2\/users\/5"}],"replies":[{"embeddable":true,"href":"https:\/\/www.losloquitos.com\/v3\/wp-json\/wp\/v2\/comments?post=3831"}],"version-history":[{"count":21,"href":"https:\/\/www.losloquitos.com\/v3\/wp-json\/wp\/v2\/pages\/3831\/revisions"}],"predecessor-version":[{"id":8261,"href":"https:\/\/www.losloquitos.com\/v3\/wp-json\/wp\/v2\/pages\/3831\/revisions\/8261"}],"wp:attachment":[{"href":"https:\/\/www.losloquitos.com\/v3\/wp-json\/wp\/v2\/media?parent=3831"}],"curies":[{"name":"wp","href":"https:\/\/api.w.org\/{rel}","templated":true}]}}