{"id":3887,"date":"2013-09-02T22:45:58","date_gmt":"2013-09-02T20:45:58","guid":{"rendered":"http:\/\/www.losloquitos.com\/v3\/?page_id=3887"},"modified":"2024-08-25T03:31:48","modified_gmt":"2024-08-25T01:31:48","slug":"salsa-debutant","status":"publish","type":"page","link":"https:\/\/www.losloquitos.com\/v3\/salsa-debutant\/","title":{"rendered":"Cours Salsa d\u00e9butant"},"content":{"rendered":"<h3>Tous les Mercredis, cours Salsa Portoricaine D\u00e9butant de 19h30 \u00e0 20h45 &#8211; Maison de quartier de Villejean, 2 rue de Bourgogne 35000 Rennes<\/h3>\n<p>Le niveau 1, ou niveau de salsa d\u00e9butant, s\u2019adresse aux personnes souhaitant d\u00e9couvrir la salsa. Il est \u00e9galement adapt\u00e9 pour ceux qui souhaitent perfectionner les bases de la salsa portoricaine. Le but est de permettre \u00e0 l\u2019issue de ce niveau la parfaite ma\u00eetrise des figures \u00e9l\u00e9mentaires, qui permettra d\u2019appr\u00e9hender dans de bonnes conditions les variantes plus complexes enseign\u00e9es en niveau 2, ou niveau interm\u00e9diaire.<\/p>\n<p>L\u2019ann\u00e9e est consacr\u00e9e \u00e0 l\u2019apprentissage des figures de base de la salsa portoricaine : cross-body, cross-turning, copas, shines&#8230;<\/p>\n<p>Le cours de salsa d\u00e9butant est ouvert \u00e0 tous, d\u00e9butants et faux-d\u00e9butants (ayant d\u00e9j\u00e0 pratiqu\u00e9 un peu la danse).<\/p>\n<p>Ponctuellement, nous vous proposerons de vous initier \u00e0 la bachata, au chacha, et \u00e0 la rueda pendant nos cours, afin de vous permettre de d\u00e9couvrir ces danses et d\u00e9buter en soir\u00e9e.<\/p>\n<p>Nous avons la chance d\u2019avoir souvent des soir\u00e9es salsa\/bachata \u00e0 Rennes le mercredi soir ce qui est\u00a0 tr\u00e8s bien pour continuer la soir\u00e9e ensemble et progresser rapidement.<\/p>\n<p>Il existe aussi un cours de salsa portoricaine, d\u00e9butant \u00e9volutif, qui a lieu les vendredis soir \u00e0 la MJC du Grand Cordel, avec un tarif pr\u00e9f\u00e9rentiel pour ceux qui assisteront \u00e0 ces deux cours (infos\u00a0<a href=\"https:\/\/www.losloquitos.com\/v3\/cours-salsa-debutant-evolutif\/\">ICI<\/a>\u00a0et tarifs <a href=\"https:\/\/www.losloquitos.com\/v3\/tarifs\/\">ICI<\/a> ).<\/p>\n<p>&nbsp;<\/p>\n<p>Vos animateurs pour ce cours seront : Max, B\u00e9n\u00e9, Pauline, Jo.<\/p>\n<p><strong>Inscriptions aupr\u00e8s de la maison de quartier de Villejean &#8211; 02 99 59 04 02<\/strong><\/p>\n<p><strong>Tarifs:\u00a0<\/strong>Cliquer\u00a0<a href=\"http:\/\/www.losloquitos.com\/v3\/tarifs\/\">ici<\/a>\u00a0pour conna\u00eetre les tarifs<\/p>\n<p><a href=\"http:\/\/www.losloquitos.com\/v3\/wp-content\/uploads\/2013\/09\/66803723_1370260706454225_1407550625025097728_o.jpg\"><img loading=\"lazy\" decoding=\"async\" class=\"alignnone size-medium wp-image-7824\" src=\"http:\/\/www.losloquitos.com\/v3\/wp-content\/uploads\/2013\/09\/66803723_1370260706454225_1407550625025097728_o-300x193.jpg\" alt=\"salsa d\u00e9butant\" width=\"300\" height=\"193\" srcset=\"https:\/\/www.losloquitos.com\/v3\/wp-content\/uploads\/2013\/09\/66803723_1370260706454225_1407550625025097728_o-300x193.jpg 300w, https:\/\/www.losloquitos.com\/v3\/wp-content\/uploads\/2013\/09\/66803723_1370260706454225_1407550625025097728_o-768x494.jpg 768w, https:\/\/www.losloquitos.com\/v3\/wp-content\/uploads\/2013\/09\/66803723_1370260706454225_1407550625025097728_o-1024x659.jpg 1024w, https:\/\/www.losloquitos.com\/v3\/wp-content\/uploads\/2013\/09\/66803723_1370260706454225_1407550625025097728_o.jpg 1400w\" sizes=\"auto, (max-width: 300px) 100vw, 300px\" \/><\/a><\/p>\n","protected":false},"excerpt":{"rendered":"","protected":false},"author":5,"featured_media":0,"parent":0,"menu_order":0,"comment_status":"open","ping_status":"closed","template":"","meta":{"footnotes":""},"class_list":["post-3887","page","type-page","status-publish","hentry"],"_links":{"self":[{"href":"https:\/\/www.losloquitos.com\/v3\/wp-json\/wp\/v2\/pages\/3887","targetHints":{"allow":["GET"]}}],"collection":[{"href":"https:\/\/www.losloquitos.com\/v3\/wp-json\/wp\/v2\/pages"}],"about":[{"href":"https:\/\/www.losloquitos.com\/v3\/wp-json\/wp\/v2\/types\/page"}],"author":[{"embeddable":true,"href":"https:\/\/www.losloquitos.com\/v3\/wp-json\/wp\/v2\/users\/5"}],"replies":[{"embeddable":true,"href":"https:\/\/www.losloquitos.com\/v3\/wp-json\/wp\/v2\/comments?post=3887"}],"version-history":[{"count":55,"href":"https:\/\/www.losloquitos.com\/v3\/wp-json\/wp\/v2\/pages\/3887\/revisions"}],"predecessor-version":[{"id":8320,"href":"https:\/\/www.losloquitos.com\/v3\/wp-json\/wp\/v2\/pages\/3887\/revisions\/8320"}],"wp:attachment":[{"href":"https:\/\/www.losloquitos.com\/v3\/wp-json\/wp\/v2\/media?parent=3887"}],"curies":[{"name":"wp","href":"https:\/\/api.w.org\/{rel}","templated":true}]}}