{"id":4145,"date":"2013-09-08T20:25:25","date_gmt":"2013-09-08T18:25:25","guid":{"rendered":"http:\/\/www.losloquitos.com\/v3\/?page_id=4145"},"modified":"2018-10-11T01:05:28","modified_gmt":"2018-10-10T23:05:28","slug":"videos-des-cours","status":"publish","type":"page","link":"https:\/\/www.losloquitos.com\/v3\/videos-des-cours\/","title":{"rendered":"Vid\u00e9os des Cours"},"content":{"rendered":"<h3>VIDEOS DES COURS<\/h3>\n<p>Chaque cours de notre association est film\u00e9, pour que chacun puisse retravailler chez soi les passes\/encha\u00eenements.<\/p>\n<p>Si vous \u00eates membres de notre association, vous retrouverez toutes les vid\u00e9os de cours dans les groupes Facebook des cours (se renseigner aupr\u00e8s de vos animateurs)<\/p>\n<p>&nbsp;<\/p>\n<p>&nbsp;<\/p>\n","protected":false},"excerpt":{"rendered":"","protected":false},"author":5,"featured_media":0,"parent":0,"menu_order":0,"comment_status":"open","ping_status":"open","template":"","meta":{"footnotes":""},"class_list":["post-4145","page","type-page","status-publish","hentry"],"_links":{"self":[{"href":"https:\/\/www.losloquitos.com\/v3\/wp-json\/wp\/v2\/pages\/4145","targetHints":{"allow":["GET"]}}],"collection":[{"href":"https:\/\/www.losloquitos.com\/v3\/wp-json\/wp\/v2\/pages"}],"about":[{"href":"https:\/\/www.losloquitos.com\/v3\/wp-json\/wp\/v2\/types\/page"}],"author":[{"embeddable":true,"href":"https:\/\/www.losloquitos.com\/v3\/wp-json\/wp\/v2\/users\/5"}],"replies":[{"embeddable":true,"href":"https:\/\/www.losloquitos.com\/v3\/wp-json\/wp\/v2\/comments?post=4145"}],"version-history":[{"count":32,"href":"https:\/\/www.losloquitos.com\/v3\/wp-json\/wp\/v2\/pages\/4145\/revisions"}],"predecessor-version":[{"id":7397,"href":"https:\/\/www.losloquitos.com\/v3\/wp-json\/wp\/v2\/pages\/4145\/revisions\/7397"}],"wp:attachment":[{"href":"https:\/\/www.losloquitos.com\/v3\/wp-json\/wp\/v2\/media?parent=4145"}],"curies":[{"name":"wp","href":"https:\/\/api.w.org\/{rel}","templated":true}]}}