{"id":4299,"date":"2013-09-17T21:25:06","date_gmt":"2013-09-17T19:25:06","guid":{"rendered":"http:\/\/www.losloquitos.com\/v3\/?page_id=4299"},"modified":"2023-07-19T13:30:47","modified_gmt":"2023-07-19T11:30:47","slug":"nous-contacter","status":"publish","type":"page","link":"https:\/\/www.losloquitos.com\/v3\/nous-contacter\/","title":{"rendered":"Nous contacter"},"content":{"rendered":"<p>Une question, un besoin de renseignements compl\u00e9mentaires ?<\/p>\n<p>Vous pouvez nous contacter par mail \u00e0 l&rsquo;adresse :\u00a0<a href=\"mailto:contact@losloquitos.com\">contact@losloquitos.com<\/a><\/p>\n<p>ou par t\u00e9l\u00e9phone au <span style=\"color: #ff0000;\">06 29 58 54 55<\/span><\/p>\n<p>ou par facebook : <a href=\"https:\/\/www.facebook.com\/losloquitos.delasalsa\">www.facebook.com\/losloquitos.delasalsa<\/a><\/p>\n<p>retrouvez-nous \u00e9galement sur instagram : losloquitosdelasalsa<\/p>\n<p>Nous sommes \u00e9galement \u00e0 votre disposition pendant les horaires de cours. N&rsquo;h\u00e9sitez pas !<\/p>\n<h4>Plan d&rsquo;acc\u00e8s\u00a0des structures o\u00f9 nous animons les cours<\/h4>\n<p>Les cours du vendredi sont\u00a0\u00e0 la MJC du Grand Cordel :<\/p>\n<p>MJC Le Grand Cordel<br \/>\n18 rue des Plantes<br \/>\n35700 Rennes<br \/>\nTel : 02 99 87 49 49<\/p>\n<p><a href=\"http:\/\/www.grand-cordel.com\" target=\"_blank\">www.grand-cordel.com<\/a><\/p>\n<p><iframe loading=\"lazy\" src=\"https:\/\/maps.google.fr\/maps?f=q&amp;source=s_q&amp;hl=fr&amp;geocode=&amp;q=Maison+Jeunes+Grand+Cordel&amp;aq=&amp;sll=48.129434,-1.654987&amp;sspn=0.057288,0.169086&amp;ie=UTF8&amp;hq=Maison+Jeunes+Grand+Cordel&amp;hnear=&amp;ll=48.129434,-1.654987&amp;spn=0.057288,0.169086&amp;t=m&amp;output=embed\" width=\"400\" height=\"330\" frameborder=\"0\" marginwidth=\"0\" marginheight=\"0\" scrolling=\"no\"><\/iframe><\/p>\n<p><small><a style=\"color: #0000ff; text-align: left;\" href=\"https:\/\/maps.google.fr\/maps?f=q&amp;source=embed&amp;hl=fr&amp;geocode=&amp;q=Maison+Jeunes+Grand+Cordel&amp;aq=&amp;sll=48.129434,-1.654987&amp;sspn=0.057288,0.169086&amp;ie=UTF8&amp;hq=Maison+Jeunes+Grand+Cordel&amp;hnear=&amp;ll=48.129434,-1.654987&amp;spn=0.057288,0.169086&amp;t=m\">Agrandir le plan<\/a><br \/>\n<\/small><\/p>\n<p>Les cours du mardi\u00a0et du mercredi\u00a0sont \u00e0 la Maison de Quartier de Villejean :<\/p>\n<p>Maison de Quartier Villejean<br \/>\n2 rue de Bourgogne<br \/>\n35000 Rennes<br \/>\nTel : 02 99 59 04 02<\/p>\n<p><a href=\"http:\/\/www.mqvillejean.fr\" target=\"_blank\">www.mqvillejean.fr<\/a><\/p>\n<p><iframe loading=\"lazy\" src=\"https:\/\/maps.google.fr\/maps?q=maison+quartier+de+villejean&amp;hl=fr&amp;sll=48.116715,-1.655502&amp;sspn=0.057302,0.169086&amp;hq=maison+quartier+de+villejean&amp;t=m&amp;ie=UTF8&amp;ll=48.112933,-1.665287&amp;spn=0.057306,0.169086&amp;output=embed\" width=\"400\" height=\"330\" frameborder=\"0\" marginwidth=\"0\" marginheight=\"0\" scrolling=\"no\"><\/iframe><\/p>\n<p><small><a style=\"color: #0000ff; text-align: left;\" href=\"https:\/\/maps.google.fr\/maps?q=maison+quartier+de+villejean&amp;hl=fr&amp;sll=48.116715,-1.655502&amp;sspn=0.057302,0.169086&amp;hq=maison+quartier+de+villejean&amp;t=m&amp;ie=UTF8&amp;ll=48.112933,-1.665287&amp;spn=0.057306,0.169086&amp;source=embed\">Agrandir le plan<\/a><\/small><\/p>\n","protected":false},"excerpt":{"rendered":"","protected":false},"author":5,"featured_media":0,"parent":0,"menu_order":0,"comment_status":"open","ping_status":"open","template":"","meta":{"footnotes":""},"class_list":["post-4299","page","type-page","status-publish","hentry"],"_links":{"self":[{"href":"https:\/\/www.losloquitos.com\/v3\/wp-json\/wp\/v2\/pages\/4299","targetHints":{"allow":["GET"]}}],"collection":[{"href":"https:\/\/www.losloquitos.com\/v3\/wp-json\/wp\/v2\/pages"}],"about":[{"href":"https:\/\/www.losloquitos.com\/v3\/wp-json\/wp\/v2\/types\/page"}],"author":[{"embeddable":true,"href":"https:\/\/www.losloquitos.com\/v3\/wp-json\/wp\/v2\/users\/5"}],"replies":[{"embeddable":true,"href":"https:\/\/www.losloquitos.com\/v3\/wp-json\/wp\/v2\/comments?post=4299"}],"version-history":[{"count":61,"href":"https:\/\/www.losloquitos.com\/v3\/wp-json\/wp\/v2\/pages\/4299\/revisions"}],"predecessor-version":[{"id":8091,"href":"https:\/\/www.losloquitos.com\/v3\/wp-json\/wp\/v2\/pages\/4299\/revisions\/8091"}],"wp:attachment":[{"href":"https:\/\/www.losloquitos.com\/v3\/wp-json\/wp\/v2\/media?parent=4299"}],"curies":[{"name":"wp","href":"https:\/\/api.w.org\/{rel}","templated":true}]}}