{"id":4301,"date":"2013-09-17T21:26:38","date_gmt":"2013-09-17T19:26:38","guid":{"rendered":"http:\/\/www.losloquitos.com\/v3\/?page_id=4301"},"modified":"2024-08-20T20:20:25","modified_gmt":"2024-08-20T18:20:25","slug":"qui-sommes-nous","status":"publish","type":"page","link":"https:\/\/www.losloquitos.com\/v3\/qui-sommes-nous\/","title":{"rendered":"Qui sommes-nous ?"},"content":{"rendered":"<h3>Notre histoire&#8230;<\/h3>\n<p>\u00ab\u00a0Los Loquitos de la Salsa\u00a0\u00bb est une association Loi 1901. Elle a un but non lucratif, et est compos\u00e9e exclusivement de membres b\u00e9n\u00e9voles. Elle a \u00e9t\u00e9 fond\u00e9e en 2000, au tout d\u00e9but du d\u00e9veloppement de la salsa en France.<\/p>\n<p>L\u2019association ouvre sa premi\u00e8re saison de cours en septembre 2000. Actuellement, nos cours se d\u00e9roulent \u00e0 la MJC du Grand Cordel, qui est notre partenaire depuis 2003, ainsi qu&rsquo;\u00e0 la Maison de Quartier de Villejean, partenaire depuis 2006.<\/p>\n<p>Los Loquitos organise son premier festival en 2011 pour c\u00e9l\u00e9brer les 10 ans de l&rsquo;association. Face au succ\u00e8s et au plaisir pris par tous, l\u2019\u00e9v\u00e9nement a perdur\u00e9 depuis.<\/p>\n<p><strong>Notre projet associatif&#8230;<\/strong><\/p>\n<p>L\u2019association fonctionne gr\u00e2ce \u00e0 la participation active de plusieurs de ses membres b\u00e9n\u00e9voles. L\u2019organisation des soir\u00e9es, des stages, des \u00e9v\u00e9nements, les cours et les animations sont assur\u00e9s et p\u00e9rennis\u00e9s gr\u00e2ce au b\u00e9n\u00e9volat de l&rsquo;\u00e9quipe.<\/p>\n<p>En v\u00e9ritables passionn\u00e9s, les Loquitos proposent essentiellement des cours de salsa dite \u00ab\u00a0portoricaine\u00a0\u00bb se caract\u00e9risant par des d\u00e9placements en ligne pour la danseuse, pour tous niveaux, ainsi que des cours de bachata permettant d&rsquo;approfondir les diff\u00e9rents styles : moderne, dominicaine, sensuelle, urbaine.<\/p>\n<p>Outre les cours hebdomadaires, vous pourrez parfaire vos connaissances lors de plusieurs stages durant l&rsquo;ann\u00e9e qui seront prodigu\u00e9s par des professeurs nationaux et internationaux.<\/p>\n<p>Ces cours et ces \u00e9v\u00e9nements cr\u00e9ent du lien, de la rencontre et permettent de passer des moments conviviaux tout en se perfectionnant et en d\u00e9couvrant le monde des danses latines.<\/p>\n<h3>Nos engagements&#8230;<\/h3>\n<p>La qualit\u00e9 de nos cours et l&rsquo;ambiance conviviale font de notre association un incontournable dans le monde de la salsa \u00e0 Rennes depuis plus de 20 ans. Chaque semaine, les cours sont donn\u00e9s par un couple d&rsquo;animateurs, second\u00e9s par plusieurs assistants, afin de vous aider dans votre \u00e9volution.<\/p>\n<p>Une trame d&rsquo;apprentissage \u00e9prouv\u00e9e vous sera propos\u00e9e afin de progresser \u00e0 votre niveau dans l&rsquo;ensemble des danses que nous proposons.<\/p>\n<p>Dans un souci de qualit\u00e9 et d&rsquo;exigence pour vous offrir le meilleur des apprentissages, nos animateurs suivent r\u00e9guli\u00e8rement des formations aupr\u00e8s de danseurs professionnels, permettant de parfaire leur p\u00e9dagogie de cours et les techniques d&rsquo;enseignements.<br \/>\nPar ailleurs, bon nombre d&rsquo;entre nous poursuivent leur perfectionnement en participant \u00e0 divers festivals.<\/p>\n<p>Afin d&rsquo;\u00eatre plus inclusif, nous avons d\u00e9cid\u00e9 d&rsquo;adopter les termes de Leader et Follower, \u00e0 la place de Homme et Femme, qui d\u00e9finissent les r\u00f4les des danseurs et danseuses.\u00a0<span style=\"font-size: 1.0625rem;\">Le Leader est la personne qui m\u00e8ne la danse, le Follower est la personne qui est guid\u00e9e.<\/span><\/p>\n<h3>Nos mots d&rsquo;ordre&#8230;<\/h3>\n<p>La bonne humeur , le partage, la convivialit\u00e9<\/p>\n<p>&nbsp;<\/p>\n<h4 style=\"text-align: center;\">Bienvenue chez Los Loquitos de la Salsaaaaa !!<\/h4>\n<p>&nbsp;<\/p>\n","protected":false},"excerpt":{"rendered":"","protected":false},"author":5,"featured_media":0,"parent":0,"menu_order":0,"comment_status":"open","ping_status":"open","template":"","meta":{"footnotes":""},"class_list":["post-4301","page","type-page","status-publish","hentry"],"_links":{"self":[{"href":"https:\/\/www.losloquitos.com\/v3\/wp-json\/wp\/v2\/pages\/4301","targetHints":{"allow":["GET"]}}],"collection":[{"href":"https:\/\/www.losloquitos.com\/v3\/wp-json\/wp\/v2\/pages"}],"about":[{"href":"https:\/\/www.losloquitos.com\/v3\/wp-json\/wp\/v2\/types\/page"}],"author":[{"embeddable":true,"href":"https:\/\/www.losloquitos.com\/v3\/wp-json\/wp\/v2\/users\/5"}],"replies":[{"embeddable":true,"href":"https:\/\/www.losloquitos.com\/v3\/wp-json\/wp\/v2\/comments?post=4301"}],"version-history":[{"count":22,"href":"https:\/\/www.losloquitos.com\/v3\/wp-json\/wp\/v2\/pages\/4301\/revisions"}],"predecessor-version":[{"id":8271,"href":"https:\/\/www.losloquitos.com\/v3\/wp-json\/wp\/v2\/pages\/4301\/revisions\/8271"}],"wp:attachment":[{"href":"https:\/\/www.losloquitos.com\/v3\/wp-json\/wp\/v2\/media?parent=4301"}],"curies":[{"name":"wp","href":"https:\/\/api.w.org\/{rel}","templated":true}]}}