{"id":6843,"date":"2017-08-27T03:13:45","date_gmt":"2017-08-27T01:13:45","guid":{"rendered":"http:\/\/www.losloquitos.com\/v3\/?page_id=6843"},"modified":"2024-08-25T03:29:11","modified_gmt":"2024-08-25T01:29:11","slug":"cours-de-bachata","status":"publish","type":"page","link":"https:\/\/www.losloquitos.com\/v3\/cours-de-bachata\/","title":{"rendered":"Cours Bachata Interm\u00e9diaire"},"content":{"rendered":"<p><strong>Tous les mercredis, cours de bachata interm\u00e9diaire de 21h00 \u00e0 22h15 \u00e0 la Maison de Quartier de Villejean, 2 rue de Bourgogne 35000 Rennes<\/strong><\/p>\n<p style=\"text-align: justify;\">La <strong>Bachata<\/strong> est une danse originaire de la R\u00e9publique Dominicaine. Tr\u00e8s dans\u00e9e en soir\u00e9e et appr\u00e9ci\u00e9e par tous les danseurs dans le monde, la Bachata\u00a0a conquis les Rennais, c&rsquo;est pourquoi nous avons un cours toutes les semaines. Venez\u00a0perfectionner votre d\u00e9hanch\u00e9 pendant nos cours de Bachata !<\/p>\n<p style=\"text-align: justify;\">La Bachata est n\u00e9e dans les ann\u00e9es 60, et c&rsquo;est pendant les ann\u00e9es 90, avec des artistes tels que Juan Luis Guerra, Aventura, Kiko Rodriguez, entre autres, qui ont apport\u00e9 un rythme moderne et urbain, avec des paroles romantiques, ce qui va donner l&rsquo;origine \u00e0 diff\u00e9rents styles de la Bachata.<\/p>\n<p style=\"text-align: justify;\">C&rsquo;est une danse sensuelle avec un rythme bien reconnaissable gr\u00e2ce aux instruments, les guitares, accompagn\u00e9es des percussions, bongo, maracas, g\u00fcira et une basse.<\/p>\n<p style=\"text-align: justify;\">Pendant les cours, nous allons travailler diff\u00e9rents th\u00e8mes: connexion, guidage, ma\u00eetrise de l&rsquo;espace, body-rolls, isolations, jeux de pieds, musicalit\u00e9, etc. Nous vous proposons divers types tout au long de l&rsquo;ann\u00e9e : Moderne, Traditionnelle (Dominicaine), Sensuelle\u2026<\/p>\n<h2 style=\"text-align: justify;\">Bachata Traditionnelle (Dominicaine)<\/h2>\n<p style=\"text-align: justify;\">C&rsquo;est la Bachata qui se danse en R\u00e9publique Dominicaine, sur des musiques rapides qui comportent de nombreux jeux de jambes.<\/p>\n<h2 style=\"text-align: justify;\">Bachata Moderne<\/h2>\n<p style=\"text-align: justify;\">C\u2019est la Bachata la plus populaire, constitu\u00e9e de body-rolls, elle se danse principalement en position ouverte ou semi ouverte avec beaucoup de jeux de bras qui rappellent la salsa.<\/p>\n<h2 style=\"text-align: justify;\">Bachata Sensuelle<\/h2>\n<p style=\"text-align: justify;\">La Bachata Sensuelle fait r\u00e9f\u00e9rence \u00e0 un style de Bachata bas\u00e9 sur l&rsquo;expression corporelle et la dissociation des mouvements. On utilise peu de d\u00e9placements, les danseurs cherchent l&rsquo;interpr\u00e9tation musicale gr\u00e2ce \u00e0 des vagues, des ronds de hanches et des mouvements de bassin.<\/p>\n<p style=\"text-align: justify;\">Vos animateurs pour ce cours seront : Charles, Rizlane, C\u00e9cile<\/p>\n<p><strong>Inscriptions aupr\u00e8s de la maison de quartier de Villejean : 02 99 59 04 02<\/strong><\/p>\n<p><strong>Tarifs:\u00a0<\/strong> Cliquer <a href=\"http:\/\/www.losloquitos.com\/v3\/tarifs\/\">ici<\/a> pour conna\u00eetre les tarifs<\/p>\n<p><a href=\"http:\/\/www.losloquitos.com\/v3\/wp-content\/uploads\/2024\/08\/LLS-photo-bachata-rizlane-charles.jpg\"><img loading=\"lazy\" decoding=\"async\" class=\"alignnone wp-image-8315 size-medium\" src=\"http:\/\/www.losloquitos.com\/v3\/wp-content\/uploads\/2024\/08\/LLS-photo-bachata-rizlane-charles-300x169.jpg\" width=\"300\" height=\"169\" srcset=\"https:\/\/www.losloquitos.com\/v3\/wp-content\/uploads\/2024\/08\/LLS-photo-bachata-rizlane-charles-300x169.jpg 300w, https:\/\/www.losloquitos.com\/v3\/wp-content\/uploads\/2024\/08\/LLS-photo-bachata-rizlane-charles-768x432.jpg 768w, https:\/\/www.losloquitos.com\/v3\/wp-content\/uploads\/2024\/08\/LLS-photo-bachata-rizlane-charles-1024x576.jpg 1024w, https:\/\/www.losloquitos.com\/v3\/wp-content\/uploads\/2024\/08\/LLS-photo-bachata-rizlane-charles.jpg 2016w\" sizes=\"auto, (max-width: 300px) 100vw, 300px\" \/><\/a><\/p>\n<p>&nbsp;<\/p>\n","protected":false},"excerpt":{"rendered":"","protected":false},"author":15,"featured_media":0,"parent":0,"menu_order":0,"comment_status":"closed","ping_status":"closed","template":"","meta":{"footnotes":""},"class_list":["post-6843","page","type-page","status-publish","hentry"],"_links":{"self":[{"href":"https:\/\/www.losloquitos.com\/v3\/wp-json\/wp\/v2\/pages\/6843","targetHints":{"allow":["GET"]}}],"collection":[{"href":"https:\/\/www.losloquitos.com\/v3\/wp-json\/wp\/v2\/pages"}],"about":[{"href":"https:\/\/www.losloquitos.com\/v3\/wp-json\/wp\/v2\/types\/page"}],"author":[{"embeddable":true,"href":"https:\/\/www.losloquitos.com\/v3\/wp-json\/wp\/v2\/users\/15"}],"replies":[{"embeddable":true,"href":"https:\/\/www.losloquitos.com\/v3\/wp-json\/wp\/v2\/comments?post=6843"}],"version-history":[{"count":78,"href":"https:\/\/www.losloquitos.com\/v3\/wp-json\/wp\/v2\/pages\/6843\/revisions"}],"predecessor-version":[{"id":8319,"href":"https:\/\/www.losloquitos.com\/v3\/wp-json\/wp\/v2\/pages\/6843\/revisions\/8319"}],"wp:attachment":[{"href":"https:\/\/www.losloquitos.com\/v3\/wp-json\/wp\/v2\/media?parent=6843"}],"curies":[{"name":"wp","href":"https:\/\/api.w.org\/{rel}","templated":true}]}}