{"id":7644,"date":"2019-08-31T12:19:08","date_gmt":"2019-08-31T10:19:08","guid":{"rendered":"http:\/\/www.losloquitos.com\/v3\/?page_id=7644"},"modified":"2025-07-28T22:23:22","modified_gmt":"2025-07-28T20:23:22","slug":"cours-de-bachata-debutant-niveau-1","status":"publish","type":"page","link":"https:\/\/www.losloquitos.com\/v3\/cours-de-bachata-debutant-niveau-1\/","title":{"rendered":"Cours bachata d\u00e9butant"},"content":{"rendered":"<p><strong>Tous les mercredis \u00e0 la Maison de Quartier de Villejean &#8211; 2 rue de Bourgogne 35000 Rennes &#8211; de 21h00 \u00e0\u00a022h15<\/strong><\/p>\n<p>La\u00a0<strong>bachata<\/strong>\u00a0est une danse originaire de R\u00e9publique Dominicaine. Tr\u00e8s dans\u00e9e en soir\u00e9e et appr\u00e9ci\u00e9e par les salseros\u00a0dans le monde, la bachata\u00a0a conquis les danseurs Rennais, c&rsquo;est pourquoi nous vous proposons un cours toutes les semaines. Venez\u00a0perfectionner votre d\u00e9hanch\u00e9 !<\/p>\n<p><strong>Niveau\u00a0d\u00e9butant<\/strong><\/p>\n<p>Le but de ce cours est d&rsquo;accueillir et booster les petits nouveaux en bachata pour leur permettre d&rsquo;apprendre\u00a0les bases avec la d\u00e9couverte des multiples styles de la bachata.<\/p>\n<p>Nous avons la chance d\u2019avoir souvent des soir\u00e9es salsa\/bachata \u00e0 Rennes le mercredi soir ce qui est\u00a0 tr\u00e8s bien pour continuer la soir\u00e9e ensemble et progresser rapidement.<\/p>\n<p>Vos animateurs pour ce cours seront : Kobi, Christina, Valentin, Jo, C\u00e9cile<\/p>\n<p><strong>Inscriptions aupr\u00e8s de la maison de quartier de Villejean \u2013 02 99 59 04 02<\/strong><\/p>\n<p><strong>Tarifs: <\/strong> Cliquer <a href=\"http:\/\/www.losloquitos.com\/v3\/tarifs\/\">ici<\/a> pour connaitre les tarifs<\/p>\n","protected":false},"excerpt":{"rendered":"","protected":false},"author":15,"featured_media":0,"parent":0,"menu_order":0,"comment_status":"closed","ping_status":"closed","template":"","meta":{"footnotes":""},"class_list":["post-7644","page","type-page","status-publish","hentry"],"_links":{"self":[{"href":"https:\/\/www.losloquitos.com\/v3\/wp-json\/wp\/v2\/pages\/7644","targetHints":{"allow":["GET"]}}],"collection":[{"href":"https:\/\/www.losloquitos.com\/v3\/wp-json\/wp\/v2\/pages"}],"about":[{"href":"https:\/\/www.losloquitos.com\/v3\/wp-json\/wp\/v2\/types\/page"}],"author":[{"embeddable":true,"href":"https:\/\/www.losloquitos.com\/v3\/wp-json\/wp\/v2\/users\/15"}],"replies":[{"embeddable":true,"href":"https:\/\/www.losloquitos.com\/v3\/wp-json\/wp\/v2\/comments?post=7644"}],"version-history":[{"count":20,"href":"https:\/\/www.losloquitos.com\/v3\/wp-json\/wp\/v2\/pages\/7644\/revisions"}],"predecessor-version":[{"id":8368,"href":"https:\/\/www.losloquitos.com\/v3\/wp-json\/wp\/v2\/pages\/7644\/revisions\/8368"}],"wp:attachment":[{"href":"https:\/\/www.losloquitos.com\/v3\/wp-json\/wp\/v2\/media?parent=7644"}],"curies":[{"name":"wp","href":"https:\/\/api.w.org\/{rel}","templated":true}]}}