{"id":8267,"date":"2024-08-23T16:33:56","date_gmt":"2024-08-23T14:33:56","guid":{"rendered":"http:\/\/www.losloquitos.com\/v3\/?page_id=8267"},"modified":"2025-07-28T22:25:21","modified_gmt":"2025-07-28T20:25:21","slug":"tarifs","status":"publish","type":"page","link":"https:\/\/www.losloquitos.com\/v3\/tarifs\/","title":{"rendered":"Tarifs 2025-2026"},"content":{"rendered":"<p>Nous vous souhaitons une excellente saison 2025-2026 de Salsa Portoricaine &amp; Bachata \u00e0 Rennes.<br \/>\nVous avez la possibilit\u00e9 de vous inscrire \u00e0 l&rsquo;un de ces cours : Salsa d\u00e9butant et interm\u00e9diaire, Bachata d\u00e9butant et interm\u00e9diaire.<\/p>\n<p><span style=\"text-decoration: underline;\">L&rsquo;inscription se fait aupr\u00e8s des\u00a0structures partenaires selon le cours que vous voulez prendre<\/span> :<br \/>\n&#8211; La Maison de Quartier de Villejean \u00e0 Rennes (MQV) pour les cours du mercredi.<br \/>\n&#8211; La Maison des Jeunes et de la Culture du Grand Cordel \u00e0 Rennes (MJC &#8211; Beaulieu) pour le cours de salsa d\u00e9butant du vendredi.<\/p>\n<p><strong><span style=\"text-decoration: underline;\">Maison de Quartier de Villejean<\/span>\u00a0(MQV) : cours\u00a0de Salsa, de Bachata (cours \u00e0 l&rsquo;ann\u00e9e)<br \/>\n<\/strong><br \/>\n132\u20ac pour les actifs et 112\u20ac tarif r\u00e9duit (Etudiants, Demandeurs d&#8217;emploi, RSA, \u2026 sur pr\u00e9sentation d&rsquo;un justificatif). L&rsquo;adh\u00e9sion MQV de 10\u20ac est incluse.<\/p>\n<p><strong><span style=\"text-decoration: underline;\">MJC Grand Cordel \u00e0 Beaulieu<\/span> : cours\u00a0de Salsa d\u00e9butant (cours \u00e0 l&rsquo;ann\u00e9e)<br \/>\n<\/strong><\/p>\n<p>132\u20ac pour les actifs et 112\u20ac tarif r\u00e9duit (Etudiants, Demandeurs d&#8217;emploi, RSA, \u2026 sur pr\u00e9sentation d&rsquo;un justificatif). L&rsquo;adh\u00e9sion \u00e0 la MJC est incluse.<\/p>\n<p><span style=\"color: #ff0000;\"><strong>Inscription aupr\u00e8s des structures, avec pour cette ann\u00e9e, une pr\u00e9-inscription possible par\u00a0le\u00a0lien\u00a0<span style=\"text-decoration: underline;\"><a href=\"https:\/\/docs.google.com\/forms\/d\/e\/1FAIpQLScofP77Kxcs0pNsjvZK4ls4xlL6sIPsAbByPwuGesnlABAXEg\/viewform?vc=0&amp;c=0&amp;w=1&amp;flr=0\" target=\"_blank\">ICI<\/a><\/span>.<\/strong><\/span><\/p>\n<h2>Tarifs Pr\u00e9f\u00e9rentiels<\/h2>\n<p><strong>Avantage cours en couple : <\/strong>Afin de favoriser un bon \u00e9quilibre entre Leaders et Followers dans nos cours nous vous offrons <strong>une r\u00e9duction de 30\u20ac<\/strong> <strong>sur la deuxi\u00e8me adh\u00e9sion<\/strong> lorsque un follower et un leader s&rsquo;inscrivent ensemble au m\u00eame cours avec la m\u00eame adresse de facturation.<\/p>\n<p><strong>Avantage combo Salsa \/ Bachata <\/strong><strong>: <\/strong>Profiter de 1 cours de <strong>Salsa<\/strong> et 1 cours de<strong> Bachata <\/strong>pour<strong> 200 \u20ac<\/strong> au lieu de 264 \u20ac<\/p>\n<p><strong>Avantage cours de Salsa du vendredi <\/strong><strong>: <\/strong>Conscient que suivre un cours r\u00e9gulier le vendredi soir peut \u00eatre difficile, nous vous offrons un <strong>remboursement complet<\/strong> de votre inscription au cours du vendredi \u00e0 la MJC si vous \u00eates \u00e9galement inscrit \u00e0 l&rsquo;un des <strong>cours de salsa du mercredi<\/strong> \u00e0 la Maison de Quartier de Villejean et que vous participez \u00e0 <strong>au moins 8 cours du vendredi<\/strong> <strong>avant la fin du mois de Janvier<\/strong>. Si la seconde condition n&rsquo;est pas remplie vous b\u00e9n\u00e9ficierez tout de m\u00eame d&rsquo;une <strong>r\u00e9duction de 50\u20ac<\/strong>.<\/p>\n<p>Pour les d\u00e9marches afin de profiter des tarifs pr\u00e9f\u00e9rentiels, se renseigner aupr\u00e8s de l&rsquo;association.<\/p>\n<p><span style=\"color: #ff0000;\"> Surtout, n&rsquo;h\u00e9sitez pas \u00e0 venir profiter du cours d&rsquo;essai qui vous est offert !<\/span><\/p>\n<p>Retrouvez toutes les actualit\u00e9s et les informations sur les dates des cours d&rsquo;essai, sur notre page <span style=\"text-decoration: underline;\"><strong><a href=\"https:\/\/fb.me\/e\/hcPmPg1Tn\" target=\"_blank\">Facebook Los Loquitos.<\/a><\/strong><\/span><\/p>\n","protected":false},"excerpt":{"rendered":"","protected":false},"author":16,"featured_media":0,"parent":0,"menu_order":0,"comment_status":"closed","ping_status":"closed","template":"","meta":{"footnotes":""},"class_list":["post-8267","page","type-page","status-publish","hentry"],"_links":{"self":[{"href":"https:\/\/www.losloquitos.com\/v3\/wp-json\/wp\/v2\/pages\/8267","targetHints":{"allow":["GET"]}}],"collection":[{"href":"https:\/\/www.losloquitos.com\/v3\/wp-json\/wp\/v2\/pages"}],"about":[{"href":"https:\/\/www.losloquitos.com\/v3\/wp-json\/wp\/v2\/types\/page"}],"author":[{"embeddable":true,"href":"https:\/\/www.losloquitos.com\/v3\/wp-json\/wp\/v2\/users\/16"}],"replies":[{"embeddable":true,"href":"https:\/\/www.losloquitos.com\/v3\/wp-json\/wp\/v2\/comments?post=8267"}],"version-history":[{"count":16,"href":"https:\/\/www.losloquitos.com\/v3\/wp-json\/wp\/v2\/pages\/8267\/revisions"}],"predecessor-version":[{"id":8369,"href":"https:\/\/www.losloquitos.com\/v3\/wp-json\/wp\/v2\/pages\/8267\/revisions\/8369"}],"wp:attachment":[{"href":"https:\/\/www.losloquitos.com\/v3\/wp-json\/wp\/v2\/media?parent=8267"}],"curies":[{"name":"wp","href":"https:\/\/api.w.org\/{rel}","templated":true}]}}