{"id":8279,"date":"2024-08-23T16:51:29","date_gmt":"2024-08-23T14:51:29","guid":{"rendered":"http:\/\/www.losloquitos.com\/v3\/?page_id=8279"},"modified":"2024-08-28T10:28:52","modified_gmt":"2024-08-28T08:28:52","slug":"cours-salsa-debutant-evolutif","status":"publish","type":"page","link":"https:\/\/www.losloquitos.com\/v3\/cours-salsa-debutant-evolutif\/","title":{"rendered":"Cours Salsa d\u00e9butant \u00e9volutif"},"content":{"rendered":"<h3 style=\"text-align: left;\" align=\"center\">Tous les Vendredis de 20h00 \u00e0 21h15 &#8211; MJC du Grand Cordel \u00e0 Rennes, 18 rue des Plantes 35700 Rennes<\/h3>\n<p>Ce niveau de salsa s\u2019adresse aux personnes souhaitant revoir ou perfectionner les bases de la salsa porto. Il est \u00e9galement adapt\u00e9 pour ceux qui sont \u00e0 l&rsquo;aise dans d&rsquo;autres danses latines comme la salsa cubaine et la bachata. Le but est de permettre \u00e0 l\u2019issue de ce niveau la parfaite ma\u00eetrise des figures \u00e9l\u00e9mentaires, qui permettra d\u2019appr\u00e9hender dans de bonnes conditions les variantes plus complexes enseign\u00e9es en niveau 2, ou niveau interm\u00e9diaire.<\/p>\n<p>L\u2019ann\u00e9e est consacr\u00e9e \u00e0 l\u2019apprentissage des figures de base de la salsa portoricaine : cross-body, cross-turning, copas, shines&#8230;<\/p>\n<p>Le cours de salsa d\u00e9butant est ouvert \u00e0 tous, d\u00e9butants et faux-d\u00e9butants (ayant d\u00e9j\u00e0 pratiqu\u00e9 un peu la danse).<\/p>\n<p>Ponctuellement, nous vous proposerons de vous initier \u00e0 la bachata, au chacha, et \u00e0 la rueda pendant nos cours, afin de vous permettre de d\u00e9couvrir ces danses et d\u00e9buter en soir\u00e9e.<\/p>\n<p>Une pratique libre est tr\u00e8s souvent organis\u00e9e, \u00e0 la suite du cours, pour permettre \u00e0 chacun de s\u2019exercer avec les nouvelles passes apprises.<\/p>\n<p>Nous avons la chance d&rsquo;avoir souvent des soir\u00e9es salsa\/bachata \u00e0 Rennes le vendredi soir ce qui est\u00a0 tr\u00e8s bien pour continuer la soir\u00e9e ensemble et progresser rapidement..<\/p>\n<p>Vos animateurs pour ce cours seront : J-Luc,\u00a0C\u00e9cilia, El\u00e9onore<\/p>\n<p><strong>Inscriptions aupr\u00e8s de la\u00a0MJC du Grand Cordel &#8211; 02 99\u00a087 49 49<\/strong><\/p>\n<p><strong>Tarifs:\u00a0<\/strong>Cliquer\u00a0<a href=\"http:\/\/www.losloquitos.com\/v3\/tarifs\/\">ici<\/a>\u00a0pour conna\u00eetre les tarifs<\/p>\n<p><a href=\"http:\/\/www.losloquitos.com\/v3\/wp-content\/uploads\/2013\/09\/66803723_1370260706454225_1407550625025097728_o.jpg\"><img loading=\"lazy\" decoding=\"async\" class=\"alignnone size-medium wp-image-7824\" src=\"http:\/\/www.losloquitos.com\/v3\/wp-content\/uploads\/2013\/09\/66803723_1370260706454225_1407550625025097728_o-300x193.jpg\" alt=\"salsa d\u00e9butant\" width=\"300\" height=\"193\" srcset=\"https:\/\/www.losloquitos.com\/v3\/wp-content\/uploads\/2013\/09\/66803723_1370260706454225_1407550625025097728_o-300x193.jpg 300w, https:\/\/www.losloquitos.com\/v3\/wp-content\/uploads\/2013\/09\/66803723_1370260706454225_1407550625025097728_o-768x494.jpg 768w, https:\/\/www.losloquitos.com\/v3\/wp-content\/uploads\/2013\/09\/66803723_1370260706454225_1407550625025097728_o-1024x659.jpg 1024w, https:\/\/www.losloquitos.com\/v3\/wp-content\/uploads\/2013\/09\/66803723_1370260706454225_1407550625025097728_o.jpg 1400w\" sizes=\"auto, (max-width: 300px) 100vw, 300px\" \/><\/a><\/p>\n","protected":false},"excerpt":{"rendered":"","protected":false},"author":16,"featured_media":0,"parent":0,"menu_order":0,"comment_status":"closed","ping_status":"closed","template":"","meta":{"footnotes":""},"class_list":["post-8279","page","type-page","status-publish","hentry"],"_links":{"self":[{"href":"https:\/\/www.losloquitos.com\/v3\/wp-json\/wp\/v2\/pages\/8279","targetHints":{"allow":["GET"]}}],"collection":[{"href":"https:\/\/www.losloquitos.com\/v3\/wp-json\/wp\/v2\/pages"}],"about":[{"href":"https:\/\/www.losloquitos.com\/v3\/wp-json\/wp\/v2\/types\/page"}],"author":[{"embeddable":true,"href":"https:\/\/www.losloquitos.com\/v3\/wp-json\/wp\/v2\/users\/16"}],"replies":[{"embeddable":true,"href":"https:\/\/www.losloquitos.com\/v3\/wp-json\/wp\/v2\/comments?post=8279"}],"version-history":[{"count":6,"href":"https:\/\/www.losloquitos.com\/v3\/wp-json\/wp\/v2\/pages\/8279\/revisions"}],"predecessor-version":[{"id":8326,"href":"https:\/\/www.losloquitos.com\/v3\/wp-json\/wp\/v2\/pages\/8279\/revisions\/8326"}],"wp:attachment":[{"href":"https:\/\/www.losloquitos.com\/v3\/wp-json\/wp\/v2\/media?parent=8279"}],"curies":[{"name":"wp","href":"https:\/\/api.w.org\/{rel}","templated":true}]}}